{"id":1440,"date":"2020-04-30T10:32:31","date_gmt":"2020-04-30T10:32:31","guid":{"rendered":"https:\/\/perekmossflower.com.tr\/?page_id=1440"},"modified":"2025-11-18T22:13:30","modified_gmt":"2025-11-18T19:13:30","slug":"iletisim","status":"publish","type":"page","link":"https:\/\/perekmossflower.com.tr\/en\/iletisim\/","title":{"rendered":"Contact Us"},"content":{"rendered":"<div data-elementor-type=\"wp-page\" data-elementor-id=\"1440\" class=\"elementor elementor-1440\" data-elementor-post-type=\"page\">\n\t\t\t\t\t\t<section class=\"elementor-section elementor-top-section elementor-element elementor-element-84d32a8 scheme_light elementor-section-boxed elementor-section-height-default elementor-section-height-default sc_fly_static\" data-id=\"84d32a8\" data-element_type=\"section\" data-settings=\"{&quot;background_background&quot;:&quot;classic&quot;}\">\n\t\t\t\t\t\t\t<div class=\"elementor-background-overlay\"><\/div>\n\t\t\t\t\t\t\t<div class=\"elementor-container elementor-column-gap-extended\">\n\t\t\t\t\t<div class=\"elementor-column elementor-col-100 elementor-top-column elementor-element elementor-element-9f2c4d9 sc_content_align_inherit sc_layouts_column_icons_position_left sc_fly_static\" data-id=\"9f2c4d9\" data-element_type=\"column\">\n\t\t\t<div class=\"elementor-widget-wrap elementor-element-populated\">\n\t\t\t\t\t\t<div class=\"elementor-element elementor-element-e09779f sc_height_large sc_fly_static elementor-widget elementor-widget-spacer\" data-id=\"e09779f\" data-element_type=\"widget\" data-widget_type=\"spacer.default\">\n\t\t\t\t<div class=\"elementor-widget-container\">\n\t\t\t\t\t<div class=\"elementor-spacer\">\n\t\t\t<div class=\"elementor-spacer-inner\"><\/div>\n\t\t<\/div>\n\t\t\t\t<\/div>\n\t\t\t\t<\/div>\n\t\t\t\t<section class=\"elementor-section elementor-inner-section elementor-element elementor-element-c6086f7 elementor-section-boxed elementor-section-height-default elementor-section-height-default sc_fly_static\" data-id=\"c6086f7\" data-element_type=\"section\">\n\t\t\t\t\t\t<div class=\"elementor-container elementor-column-gap-no\">\n\t\t\t\t\t<div class=\"elementor-column elementor-col-33 elementor-inner-column elementor-element elementor-element-bf29013 sc_content_align_inherit sc_layouts_column_icons_position_left sc_fly_static\" data-id=\"bf29013\" data-element_type=\"column\">\n\t\t\t<div class=\"elementor-widget-wrap elementor-element-populated\">\n\t\t\t\t\t\t<div class=\"elementor-element elementor-element-e45cad3 sc_layouts_hide_on_mobile sc_fly_static elementor-widget elementor-widget-spacer\" data-id=\"e45cad3\" data-element_type=\"widget\" data-widget_type=\"spacer.default\">\n\t\t\t\t<div class=\"elementor-widget-container\">\n\t\t\t\t\t<div class=\"elementor-spacer\">\n\t\t\t<div class=\"elementor-spacer-inner\"><\/div>\n\t\t<\/div>\n\t\t\t\t<\/div>\n\t\t\t\t<\/div>\n\t\t\t\t<div class=\"elementor-element elementor-element-835d0db sc_fly_static elementor-widget elementor-widget-trx_sc_title\" data-id=\"835d0db\" data-element_type=\"widget\" data-widget_type=\"trx_sc_title.default\">\n\t\t\t\t<div class=\"elementor-widget-container\">\n\t\t\t<div\t\tclass=\"sc_title sc_title_default\" ><h2 class=\"sc_item_title sc_title_title sc_item_title_style_default sc_item_title_tag\"\n\t\t\t><span class=\"sc_item_title_text\">Contact Information<\/span><\/h2><\/div>\t\t<\/div>\n\t\t\t\t<\/div>\n\t\t\t\t<div class=\"elementor-element elementor-element-80190bc sc_fly_static elementor-widget elementor-widget-spacer\" data-id=\"80190bc\" data-element_type=\"widget\" data-widget_type=\"spacer.default\">\n\t\t\t\t<div class=\"elementor-widget-container\">\n\t\t\t\t\t<div class=\"elementor-spacer\">\n\t\t\t<div class=\"elementor-spacer-inner\"><\/div>\n\t\t<\/div>\n\t\t\t\t<\/div>\n\t\t\t\t<\/div>\n\t\t\t\t<div class=\"elementor-element elementor-element-d7c7c0c sc_fly_static elementor-widget elementor-widget-trx_sc_icons\" data-id=\"d7c7c0c\" data-element_type=\"widget\" data-widget_type=\"trx_sc_icons.default\">\n\t\t\t\t<div class=\"elementor-widget-container\">\n\t\t\t<div \tclass=\"sc_icons sc_icons_simple sc_icons_size_small sc_align_none\" ><div class=\"sc_icons_item with_more\"><div class=\"sc_icons_item_details\"><h4 class=\"sc_icons_item_title\"><span>Yalova Warehouse:<\/span><\/h4><div class=\"sc_icons_item_description\"><span>Akk\u00f6y K\u00f6y\u00fc K\u00f6y \u0130\u00e7i Mevki, \u015eah Sokak, No:18 <\/span><span>Termal, Yalova<\/span><\/div><\/div><\/div><div class=\"sc_icons_item with_more\"><div class=\"sc_icons_item_details\"><div class=\"sc_icons_item_description\"><span><a href=\"mailto:info@perekmossflower.com.tr\">info@perekmossflower.com.tr<\/a><\/span><\/div><\/div><\/div><div class=\"sc_icons_item sc_icons_item_linked with_more\"><div class=\"sc_icons_item_details\"><a href=\"tel:0532%20056%2025%2031\" class=\"sc_icons_item_more_link\">\n                        <span class=\"link_text\">0532 056 25 31<\/span><span class=\"link_icon\"><\/span>\n                        <\/a><a href=\"tel:0532%20056%2025%2031\"\n                        class=\"sc_icons_item_link\">\n                        <\/a><\/div><\/div><\/div><!-- \/.sc_icons -->\t\t<\/div>\n\t\t\t\t<\/div>\n\t\t\t\t<div class=\"elementor-element elementor-element-7c7c065 sc_height_tiny sc_fly_static elementor-widget elementor-widget-spacer\" data-id=\"7c7c065\" data-element_type=\"widget\" data-widget_type=\"spacer.default\">\n\t\t\t\t<div class=\"elementor-widget-container\">\n\t\t\t\t\t<div class=\"elementor-spacer\">\n\t\t\t<div class=\"elementor-spacer-inner\"><\/div>\n\t\t<\/div>\n\t\t\t\t<\/div>\n\t\t\t\t<\/div>\n\t\t\t\t<div class=\"elementor-element elementor-element-a26d4d4 sc_fly_static elementor-widget elementor-widget-trx_sc_icons\" data-id=\"a26d4d4\" data-element_type=\"widget\" data-widget_type=\"trx_sc_icons.default\">\n\t\t\t\t<div class=\"elementor-widget-container\">\n\t\t\t<div \tclass=\"sc_icons sc_icons_simple sc_icons_size_small sc_align_none\" ><div class=\"sc_icons_item with_more\"><div class=\"sc_icons_item_details\"><h4 class=\"sc_icons_item_title\"><span>Aksaray Warehouse:<\/span><\/h4><div class=\"sc_icons_item_description\"><span>K\u00fc\u00e7\u00fck B\u00f6lcek Mah 2652.Sk No:7\/A<\/span><span>Merkez, Aksaray<\/span><\/div><\/div><\/div><div class=\"sc_icons_item sc_icons_item_linked with_more\"><div class=\"sc_icons_item_details\"><a href=\"tel:0533%20131%2072%2003\" class=\"sc_icons_item_more_link\">\n                        <span class=\"link_text\">0533 131 72 03<\/span><span class=\"link_icon\"><\/span>\n                        <\/a><a href=\"tel:0533%20131%2072%2003\"\n                        class=\"sc_icons_item_link\">\n                        <\/a><\/div><\/div><\/div><!-- \/.sc_icons -->\t\t<\/div>\n\t\t\t\t<\/div>\n\t\t\t\t<div class=\"elementor-element elementor-element-ce06cbd sc_fly_static elementor-widget elementor-widget-spacer\" data-id=\"ce06cbd\" data-element_type=\"widget\" data-widget_type=\"spacer.default\">\n\t\t\t\t<div class=\"elementor-widget-container\">\n\t\t\t\t\t<div class=\"elementor-spacer\">\n\t\t\t<div class=\"elementor-spacer-inner\"><\/div>\n\t\t<\/div>\n\t\t\t\t<\/div>\n\t\t\t\t<\/div>\n\t\t\t\t<div class=\"elementor-element elementor-element-255cc72 sc_height_medium sc_layouts_hide_on_wide sc_layouts_hide_on_desktop sc_layouts_hide_on_notebook sc_layouts_hide_on_tablet sc_fly_static elementor-widget elementor-widget-spacer\" data-id=\"255cc72\" data-element_type=\"widget\" data-widget_type=\"spacer.default\">\n\t\t\t\t<div class=\"elementor-widget-container\">\n\t\t\t\t\t<div class=\"elementor-spacer\">\n\t\t\t<div class=\"elementor-spacer-inner\"><\/div>\n\t\t<\/div>\n\t\t\t\t<\/div>\n\t\t\t\t<\/div>\n\t\t\t\t\t<\/div>\n\t\t<\/div>\n\t\t\t\t<div class=\"elementor-column elementor-col-66 elementor-inner-column elementor-element elementor-element-e9db2f6 sc_content_align_inherit sc_layouts_column_icons_position_left sc_fly_static\" data-id=\"e9db2f6\" data-element_type=\"column\">\n\t\t\t<div class=\"elementor-widget-wrap elementor-element-populated\">\n\t\t\t\t\t\t<div class=\"elementor-element elementor-element-8a15b99 sc_height_small sc_fly_static elementor-widget elementor-widget-spacer\" data-id=\"8a15b99\" data-element_type=\"widget\" data-widget_type=\"spacer.default\">\n\t\t\t\t<div class=\"elementor-widget-container\">\n\t\t\t\t\t<div class=\"elementor-spacer\">\n\t\t\t<div class=\"elementor-spacer-inner\"><\/div>\n\t\t<\/div>\n\t\t\t\t<\/div>\n\t\t\t\t<\/div>\n\t\t\t\t<div class=\"elementor-element elementor-element-63d4b75 sc_fly_static elementor-widget elementor-widget-trx_sc_contact_form_7\" data-id=\"63d4b75\" data-element_type=\"widget\" data-widget_type=\"trx_sc_contact_form_7.default\">\n\t\t\t\t<div class=\"elementor-widget-container\">\n\t\t\t\n<div class=\"wpcf7 no-js\" id=\"wpcf7-f1324-o1\" lang=\"en-US\" dir=\"ltr\">\n<div class=\"screen-reader-response\"><p role=\"status\" aria-live=\"polite\" aria-atomic=\"true\"><\/p> <ul><\/ul><\/div>\n<form action=\"\/en\/wp-json\/wp\/v2\/pages\/1440#wpcf7-f1324-o1\" method=\"post\" class=\"wpcf7-form init\" aria-label=\"Contact form\" novalidate=\"novalidate\" data-status=\"init\" data-trp-original-action=\"\/en\/wp-json\/wp\/v2\/pages\/1440#wpcf7-f1324-o1\">\n<div style=\"display: none;\">\n<input type=\"hidden\" name=\"_wpcf7\" value=\"1324\" \/>\n<input type=\"hidden\" name=\"_wpcf7_version\" value=\"5.9.8\" \/>\n<input type=\"hidden\" name=\"_wpcf7_locale\" value=\"en_US\" \/>\n<input type=\"hidden\" name=\"_wpcf7_unit_tag\" value=\"wpcf7-f1324-o1\" \/>\n<input type=\"hidden\" name=\"_wpcf7_container_post\" value=\"0\" \/>\n<input type=\"hidden\" name=\"_wpcf7_posted_data_hash\" value=\"\" \/>\n<\/div>\n<div class=\"form-style-3\">\n\t<div class=\"columns_wrap\">\n\t\t<div class=\"column-1_2\">\n\t\t\t<p><span class=\"style-line icon-name\"><span class=\"wpcf7-form-control-wrap\" data-name=\"your-name\"><input size=\"40\" maxlength=\"400\" class=\"wpcf7-form-control wpcf7-text wpcf7-validates-as-required\" aria-required=\"true\" aria-invalid=\"false\" placeholder=\"Name Surname\" value=\"\" type=\"text\" name=\"your-name\" \/><\/span><\/span>\n\t\t\t<\/p>\n\t\t<\/div>\n\t\t<div class=\"column-1_2\">\n\t\t\t<p><span class=\"style-line icon-email\"><span class=\"wpcf7-form-control-wrap\" data-name=\"your-email\"><input size=\"40\" maxlength=\"400\" class=\"wpcf7-form-control wpcf7-email wpcf7-validates-as-required wpcf7-text wpcf7-validates-as-email\" aria-required=\"true\" aria-invalid=\"false\" placeholder=\"Email Address\" value=\"\" type=\"email\" name=\"your-email\" \/><\/span><\/span>\n\t\t\t<\/p>\n\t\t<\/div>\n\t<\/div>\n\t<div class=\"columns_wrap\">\n\t\t<div class=\"column-1_2\">\n\t\t\t<p><span class=\"style-line icon-phone\"><span class=\"wpcf7-form-control-wrap\" data-name=\"your-phone\"><input size=\"40\" maxlength=\"400\" class=\"wpcf7-form-control wpcf7-tel wpcf7-validates-as-required wpcf7-text wpcf7-validates-as-tel\" aria-required=\"true\" aria-invalid=\"false\" placeholder=\"Telephone\" value=\"\" type=\"tel\" name=\"your-phone\" \/><\/span><\/span>\n\t\t\t<\/p>\n\t\t<\/div>\n\t\t<div class=\"column-1_2\">\n\t\t\t<p><span class=\"style-line icon-subject\"><span class=\"wpcf7-form-control-wrap\" data-name=\"your-subject\"><input size=\"40\" maxlength=\"400\" class=\"wpcf7-form-control wpcf7-text wpcf7-validates-as-required\" aria-required=\"true\" aria-invalid=\"false\" placeholder=\"Subject\" value=\"\" type=\"text\" name=\"your-subject\" \/><\/span><\/span>\n\t\t\t<\/p>\n\t\t<\/div>\n\t<\/div>\n\t<div class=\"columns_wrap margin-bottom\">\n\t\t<div class=\"column-1_1\">\n\t\t\t<p><span class=\"style-line icon-textarea\"><span class=\"wpcf7-form-control-wrap\" data-name=\"your-message\"><textarea cols=\"40\" rows=\"10\" maxlength=\"2000\" class=\"wpcf7-form-control wpcf7-textarea wpcf7-validates-as-required\" aria-required=\"true\" aria-invalid=\"false\" placeholder=\"Mesaj\u0131n\u0131z...\" name=\"your-message\"><\/textarea><\/span><\/span>\n\t\t\t<\/p>\n\t\t<\/div>\n\t<\/div>\n\t<p><input class=\"wpcf7-form-control wpcf7-submit has-spinner\" type=\"submit\" value=\"Send\" \/><span class=\"wpcf7-form-control-wrap\" data-name=\"acceptance\"><span class=\"wpcf7-form-control wpcf7-acceptance\"><span class=\"wpcf7-list-item\"><label><input type=\"checkbox\" name=\"acceptance\" value=\"1\" aria-invalid=\"false\" \/><span class=\"wpcf7-list-item-label\"><a href=\"https:\/\/perekmossflower.com.tr\/en\/gizlilik-politikasi\/\">Privacy Policy<\/a> I have read and approve.<\/span><\/label><\/span><\/span><\/span>\n\t<\/p>\n<\/div><div class=\"wpcf7-response-output\" aria-hidden=\"true\"><\/div>\n<input type=\"hidden\" name=\"trp-form-language\" value=\"en\"\/><\/form>\n<\/div>\n\t\t<\/div>\n\t\t\t\t<\/div>\n\t\t\t\t\t<\/div>\n\t\t<\/div>\n\t\t\t\t\t<\/div>\n\t\t<\/section>\n\t\t\t\t<div class=\"elementor-element elementor-element-a985264 sc_height_medium sc_fly_static elementor-widget elementor-widget-spacer\" data-id=\"a985264\" data-element_type=\"widget\" data-widget_type=\"spacer.default\">\n\t\t\t\t<div class=\"elementor-widget-container\">\n\t\t\t\t\t<div class=\"elementor-spacer\">\n\t\t\t<div class=\"elementor-spacer-inner\"><\/div>\n\t\t<\/div>\n\t\t\t\t<\/div>\n\t\t\t\t<\/div>\n\t\t\t\t\t<\/div>\n\t\t<\/div>\n\t\t\t\t\t<\/div>\n\t\t<\/section>\n\t\t\t\t<section class=\"elementor-section elementor-top-section elementor-element elementor-element-1613878 elementor-section-boxed elementor-section-height-default elementor-section-height-default sc_fly_static\" data-id=\"1613878\" data-element_type=\"section\" id=\"contact-map\">\n\t\t\t\t\t\t<div class=\"elementor-container elementor-column-gap-extended\">\n\t\t\t\t\t<div class=\"elementor-column elementor-col-100 elementor-top-column elementor-element elementor-element-919da4c sc_content_align_inherit sc_layouts_column_icons_position_left sc_fly_static\" data-id=\"919da4c\" data-element_type=\"column\">\n\t\t\t<div class=\"elementor-widget-wrap elementor-element-populated\">\n\t\t\t\t\t\t<div class=\"elementor-element elementor-element-47ed5db sc_fly_static elementor-widget elementor-widget-trx_sc_googlemap\" data-id=\"47ed5db\" data-element_type=\"widget\" data-widget_type=\"trx_sc_googlemap.default\">\n\t\t\t\t<div class=\"elementor-widget-container\">\n\t\t\t<div id=\"sc_googlemap_762815810_wrap\" class=\"sc_googlemap_wrap\"><div id=\"sc_googlemap_762815810\"\t\t\tclass=\"sc_item_content sc_map sc_googlemap sc_googlemap_default trx_addons_inline_571444351\"\n\t\t\t \t\t\tdata-zoom=\"18\"\n\t\t\tdata-center=\"51.499,-0.13\"\n\t\t\tdata-style=\"extra\"\n\t\t\tdata-cluster-icon=\"https:\/\/perekmossflower.com.tr\/wp-content\/plugins\/trx_addons\/components\/shortcodes\/googlemap\/cluster\/cluster-icon.png\"\n\t\t\t><iframe\n\t\t\t\t\t\tsrc=\"https:\/\/maps.google.com\/maps?t=m&output=embed&iwloc=near&z=18&q=PerekMoss+%26+Flower+G%C3%B6k%C3%A7edere%2C+K%C3%B6y+i%C3%A7i+mevkii+%2C+%C5%9Eah+sokak+no%3A18%2C+77400+Akk%C3%B6y%2FTermal%2FYalova\"\n\t\t\t\t\t\taria-label=\"One\"><\/iframe><\/div><\/div>\t\t<\/div>\n\t\t\t\t<\/div>\n\t\t\t\t\t<\/div>\n\t\t<\/div>\n\t\t\t\t\t<\/div>\n\t\t<\/section>\n\t\t\t\t<section class=\"elementor-section elementor-top-section elementor-element elementor-element-b9f211d elementor-section-boxed elementor-section-height-default elementor-section-height-default sc_fly_static\" data-id=\"b9f211d\" data-element_type=\"section\">\n\t\t\t\t\t\t<div class=\"elementor-container elementor-column-gap-extended\">\n\t\t\t\t\t<div class=\"elementor-column elementor-col-100 elementor-top-column elementor-element elementor-element-7e52d7a sc_content_align_inherit sc_layouts_column_icons_position_left sc_fly_static\" data-id=\"7e52d7a\" data-element_type=\"column\">\n\t\t\t<div class=\"elementor-widget-wrap elementor-element-populated\">\n\t\t\t\t\t\t<div class=\"elementor-element elementor-element-297b68d sc_height_huge sc_fly_static elementor-widget elementor-widget-spacer\" data-id=\"297b68d\" data-element_type=\"widget\" data-widget_type=\"spacer.default\">\n\t\t\t\t<div class=\"elementor-widget-container\">\n\t\t\t\t\t<div class=\"elementor-spacer\">\n\t\t\t<div class=\"elementor-spacer-inner\"><\/div>\n\t\t<\/div>\n\t\t\t\t<\/div>\n\t\t\t\t<\/div>\n\t\t\t\t\t<\/div>\n\t\t<\/div>\n\t\t\t\t\t<\/div>\n\t\t<\/section>\n\t\t\t\t<\/div>","protected":false},"excerpt":{"rendered":"<p>\u0130leti\u015fim Bilgileri Yalova Deposu: Akk\u00f6y K\u00f6y\u00fc K\u00f6y \u0130\u00e7i Mevki, \u015eah Sokak, No:18 Termal, Yalovainfo@perekmossflower.com.tr 0532 056 25 31 Aksaray Deposu: K\u00fc\u00e7\u00fck B\u00f6lcek Mah 2652.Sk No:7\/AMerkez, Aksaray 0533 131 72 03&hellip;<\/p>","protected":false},"author":1,"featured_media":0,"parent":0,"menu_order":0,"comment_status":"closed","ping_status":"closed","template":"","meta":{"footnotes":""},"class_list":["post-1440","page","type-page","status-publish","hentry"],"yoast_head":"<!-- This site is optimized with the Yoast SEO plugin v23.5 - https:\/\/yoast.com\/wordpress\/plugins\/seo\/ -->\n<title>\u0130leti\u015fim - Perek Moss &amp; Flower<\/title>\n<meta name=\"robots\" content=\"index, follow, max-snippet:-1, max-image-preview:large, max-video-preview:-1\" \/>\n<link rel=\"canonical\" href=\"https:\/\/perekmossflower.com.tr\/en\/iletisim\/\" \/>\n<meta property=\"og:locale\" content=\"en_US\" \/>\n<meta property=\"og:type\" content=\"article\" \/>\n<meta property=\"og:title\" content=\"\u0130leti\u015fim - Perek Moss &amp; Flower\" \/>\n<meta property=\"og:description\" content=\"\u0130leti\u015fim Bilgileri Yalova Deposu: Akk\u00f6y K\u00f6y\u00fc K\u00f6y \u0130\u00e7i Mevki, \u015eah Sokak, No:18 Termal, Yalovainfo@perekmossflower.com.tr 0532 056 25 31 Aksaray Deposu: K\u00fc\u00e7\u00fck B\u00f6lcek Mah 2652.Sk No:7\/AMerkez, Aksaray 0533 131 72 03&hellip;\" \/>\n<meta property=\"og:url\" content=\"https:\/\/perekmossflower.com.tr\/en\/iletisim\/\" \/>\n<meta property=\"og:site_name\" content=\"Perek Moss &amp; Flower\" \/>\n<meta property=\"article:modified_time\" content=\"2025-11-18T19:13:30+00:00\" \/>\n<meta name=\"twitter:card\" content=\"summary_large_image\" \/>\n<meta name=\"twitter:label1\" content=\"Est. reading time\" \/>\n\t<meta name=\"twitter:data1\" content=\"1 minute\" \/>\n<script type=\"application\/ld+json\" class=\"yoast-schema-graph\">{\"@context\":\"https:\/\/schema.org\",\"@graph\":[{\"@type\":\"WebPage\",\"@id\":\"https:\/\/perekmossflower.com.tr\/en\/iletisim\/\",\"url\":\"https:\/\/perekmossflower.com.tr\/en\/iletisim\/\",\"name\":\"\u0130leti\u015fim - Perek Moss &amp; Flower\",\"isPartOf\":{\"@id\":\"https:\/\/perekmossflower.com.tr\/en\/#website\"},\"datePublished\":\"2020-04-30T10:32:31+00:00\",\"dateModified\":\"2025-11-18T19:13:30+00:00\",\"breadcrumb\":{\"@id\":\"https:\/\/perekmossflower.com.tr\/en\/iletisim\/#breadcrumb\"},\"inLanguage\":\"en-US\",\"potentialAction\":[{\"@type\":\"ReadAction\",\"target\":[\"https:\/\/perekmossflower.com.tr\/en\/iletisim\/\"]}]},{\"@type\":\"BreadcrumbList\",\"@id\":\"https:\/\/perekmossflower.com.tr\/en\/iletisim\/#breadcrumb\",\"itemListElement\":[{\"@type\":\"ListItem\",\"position\":1,\"name\":\"Anasayfa\",\"item\":\"https:\/\/perekmossflower.com.tr\/\"},{\"@type\":\"ListItem\",\"position\":2,\"name\":\"\u0130leti\u015fim\"}]},{\"@type\":\"WebSite\",\"@id\":\"https:\/\/perekmossflower.com.tr\/en\/#website\",\"url\":\"https:\/\/perekmossflower.com.tr\/en\/\",\"name\":\"Perek Moss &amp; Flower\",\"description\":\"Toptan Kurutulmu\u015f Ve \u015eoklanm\u0131\u015f \u00c7i\u00e7ek \u00dcreticisi\",\"publisher\":{\"@id\":\"https:\/\/perekmossflower.com.tr\/en\/#organization\"},\"potentialAction\":[{\"@type\":\"SearchAction\",\"target\":{\"@type\":\"EntryPoint\",\"urlTemplate\":\"https:\/\/perekmossflower.com.tr\/en\/?s={search_term_string}\"},\"query-input\":{\"@type\":\"PropertyValueSpecification\",\"valueRequired\":true,\"valueName\":\"search_term_string\"}}],\"inLanguage\":\"en-US\"},{\"@type\":\"Organization\",\"@id\":\"https:\/\/perekmossflower.com.tr\/en\/#organization\",\"name\":\"Perek Moss &amp; Flower\",\"url\":\"https:\/\/perekmossflower.com.tr\/en\/\",\"logo\":{\"@type\":\"ImageObject\",\"inLanguage\":\"en-US\",\"@id\":\"https:\/\/perekmossflower.com.tr\/en\/#\/schema\/logo\/image\/\",\"url\":\"https:\/\/perekmossflower.com.tr\/wp-content\/uploads\/2020\/08\/perekmossflower-logo-150.png\",\"contentUrl\":\"https:\/\/perekmossflower.com.tr\/wp-content\/uploads\/2020\/08\/perekmossflower-logo-150.png\",\"width\":523,\"height\":250,\"caption\":\"Perek Moss &amp; Flower\"},\"image\":{\"@id\":\"https:\/\/perekmossflower.com.tr\/en\/#\/schema\/logo\/image\/\"}}]}<\/script>\n<!-- \/ Yoast SEO plugin. -->","yoast_head_json":{"title":"\u0130leti\u015fim - Perek Moss &amp; Flower","robots":{"index":"index","follow":"follow","max-snippet":"max-snippet:-1","max-image-preview":"max-image-preview:large","max-video-preview":"max-video-preview:-1"},"canonical":"https:\/\/perekmossflower.com.tr\/en\/iletisim\/","og_locale":"en_US","og_type":"article","og_title":"\u0130leti\u015fim - Perek Moss &amp; Flower","og_description":"\u0130leti\u015fim Bilgileri Yalova Deposu: Akk\u00f6y K\u00f6y\u00fc K\u00f6y \u0130\u00e7i Mevki, \u015eah Sokak, No:18 Termal, Yalovainfo@perekmossflower.com.tr 0532 056 25 31 Aksaray Deposu: K\u00fc\u00e7\u00fck B\u00f6lcek Mah 2652.Sk No:7\/AMerkez, Aksaray 0533 131 72 03&hellip;","og_url":"https:\/\/perekmossflower.com.tr\/en\/iletisim\/","og_site_name":"Perek Moss &amp; Flower","article_modified_time":"2025-11-18T19:13:30+00:00","twitter_card":"summary_large_image","twitter_misc":{"Est. reading time":"1 minute"},"schema":{"@context":"https:\/\/schema.org","@graph":[{"@type":"WebPage","@id":"https:\/\/perekmossflower.com.tr\/en\/iletisim\/","url":"https:\/\/perekmossflower.com.tr\/en\/iletisim\/","name":"\u0130leti\u015fim - Perek Moss &amp; Flower","isPartOf":{"@id":"https:\/\/perekmossflower.com.tr\/en\/#website"},"datePublished":"2020-04-30T10:32:31+00:00","dateModified":"2025-11-18T19:13:30+00:00","breadcrumb":{"@id":"https:\/\/perekmossflower.com.tr\/en\/iletisim\/#breadcrumb"},"inLanguage":"en-US","potentialAction":[{"@type":"ReadAction","target":["https:\/\/perekmossflower.com.tr\/en\/iletisim\/"]}]},{"@type":"BreadcrumbList","@id":"https:\/\/perekmossflower.com.tr\/en\/iletisim\/#breadcrumb","itemListElement":[{"@type":"ListItem","position":1,"name":"Anasayfa","item":"https:\/\/perekmossflower.com.tr\/"},{"@type":"ListItem","position":2,"name":"\u0130leti\u015fim"}]},{"@type":"WebSite","@id":"https:\/\/perekmossflower.com.tr\/en\/#website","url":"https:\/\/perekmossflower.com.tr\/en\/","name":"Perek Moss &amp; Flower","description":"Toptan Kurutulmu\u015f Ve \u015eoklanm\u0131\u015f \u00c7i\u00e7ek \u00dcreticisi","publisher":{"@id":"https:\/\/perekmossflower.com.tr\/en\/#organization"},"potentialAction":[{"@type":"SearchAction","target":{"@type":"EntryPoint","urlTemplate":"https:\/\/perekmossflower.com.tr\/en\/?s={search_term_string}"},"query-input":{"@type":"PropertyValueSpecification","valueRequired":true,"valueName":"search_term_string"}}],"inLanguage":"en-US"},{"@type":"Organization","@id":"https:\/\/perekmossflower.com.tr\/en\/#organization","name":"Perek Moss &amp; Flower","url":"https:\/\/perekmossflower.com.tr\/en\/","logo":{"@type":"ImageObject","inLanguage":"en-US","@id":"https:\/\/perekmossflower.com.tr\/en\/#\/schema\/logo\/image\/","url":"https:\/\/perekmossflower.com.tr\/wp-content\/uploads\/2020\/08\/perekmossflower-logo-150.png","contentUrl":"https:\/\/perekmossflower.com.tr\/wp-content\/uploads\/2020\/08\/perekmossflower-logo-150.png","width":523,"height":250,"caption":"Perek Moss &amp; Flower"},"image":{"@id":"https:\/\/perekmossflower.com.tr\/en\/#\/schema\/logo\/image\/"}}]}},"_links":{"self":[{"href":"https:\/\/perekmossflower.com.tr\/en\/wp-json\/wp\/v2\/pages\/1440"}],"collection":[{"href":"https:\/\/perekmossflower.com.tr\/en\/wp-json\/wp\/v2\/pages"}],"about":[{"href":"https:\/\/perekmossflower.com.tr\/en\/wp-json\/wp\/v2\/types\/page"}],"author":[{"embeddable":true,"href":"https:\/\/perekmossflower.com.tr\/en\/wp-json\/wp\/v2\/users\/1"}],"replies":[{"embeddable":true,"href":"https:\/\/perekmossflower.com.tr\/en\/wp-json\/wp\/v2\/comments?post=1440"}],"version-history":[{"count":58,"href":"https:\/\/perekmossflower.com.tr\/en\/wp-json\/wp\/v2\/pages\/1440\/revisions"}],"predecessor-version":[{"id":38093,"href":"https:\/\/perekmossflower.com.tr\/en\/wp-json\/wp\/v2\/pages\/1440\/revisions\/38093"}],"wp:attachment":[{"href":"https:\/\/perekmossflower.com.tr\/en\/wp-json\/wp\/v2\/media?parent=1440"}],"curies":[{"name":"wp","href":"https:\/\/api.w.org\/{rel}","templated":true}]}}