{"id":37395,"date":"2024-10-08T12:53:20","date_gmt":"2024-10-08T09:53:20","guid":{"rendered":"https:\/\/perekmossflower.com.tr\/?page_id=37395"},"modified":"2024-10-08T12:58:04","modified_gmt":"2024-10-08T09:58:04","slug":"amaranthus","status":"publish","type":"page","link":"https:\/\/perekmossflower.com.tr\/en\/alisveris\/soklanmis-urunler\/amaranthus\/","title":{"rendered":"Amaranthus"},"content":{"rendered":"<div data-elementor-type=\"wp-page\" data-elementor-id=\"37395\" class=\"elementor elementor-37395\" data-elementor-post-type=\"page\">\n\t\t\t\t\t\t<section class=\"elementor-section elementor-top-section elementor-element elementor-element-5a4681c elementor-section-boxed elementor-section-height-default elementor-section-height-default sc_fly_static\" data-id=\"5a4681c\" data-element_type=\"section\">\n\t\t\t\t\t\t<div class=\"elementor-container elementor-column-gap-extended\">\n\t\t\t\t\t<div class=\"elementor-column elementor-col-100 elementor-top-column elementor-element elementor-element-cafc9d8 sc_layouts_column_align_center sc_layouts_column sc_content_align_inherit sc_layouts_column_icons_position_left sc_fly_static\" data-id=\"cafc9d8\" data-element_type=\"column\">\n\t\t\t<div class=\"elementor-widget-wrap elementor-element-populated\">\n\t\t\t\t\t\t<div class=\"elementor-element elementor-element-e6e99ae sc_height_huge sc_fly_static elementor-widget elementor-widget-spacer\" data-id=\"e6e99ae\" data-element_type=\"widget\" data-widget_type=\"spacer.default\">\n\t\t\t\t<div class=\"elementor-widget-container\">\n\t\t\t\t\t<div class=\"elementor-spacer\">\n\t\t\t<div class=\"elementor-spacer-inner\"><\/div>\n\t\t<\/div>\n\t\t\t\t<\/div>\n\t\t\t\t<\/div>\n\t\t\t\t<div class=\"elementor-element elementor-element-88355ff elementor-grid-4 elementor-grid-tablet-3 elementor-grid-mobile-2 elementor-products-grid elementor-wc-products elementor-show-pagination-border-yes sc_fly_static elementor-widget elementor-widget-woocommerce-products\" data-id=\"88355ff\" data-element_type=\"widget\" data-widget_type=\"woocommerce-products.default\">\n\t\t\t\t<div class=\"elementor-widget-container\">\n\t\t\t<div class=\"woocommerce columns-4\"><div class=\"woocommerce-notices-wrapper\"><\/div><p class=\"woocommerce-result-count\">\n\tShowing all 2 results<\/p>\n<div class=\"floria_woocommerce_filters_button_wrap\">\n\t\t\t\t<a href=\"#\" class=\"floria_woocommerce_filters_button icon-sliders\">\n\t\t\t\t\t<span class=\"floria_woocommerce_filters_button_label\">Filters<\/span>\n\t\t\t\t<\/a><form class=\"woocommerce-ordering\" method=\"get\" action=\"\">\n\t<select name=\"orderby\" class=\"orderby\" aria-label=\"Shop order\" data-no-translation-aria-label=\"\">\n\t\t\t\t\t<option value=\"popularity\" data-no-translation=\"\" data-trp-gettext=\"\" >Sort by popularity<\/option>\n\t\t\t\t\t<option value=\"rating\" data-no-translation=\"\" data-trp-gettext=\"\" >Sort by average rating<\/option>\n\t\t\t\t\t<option value=\"date\"  selected='selected' data-no-translation=\"\" data-trp-gettext=\"\">Sort by latest<\/option>\n\t\t\t\t\t<option value=\"price\" data-no-translation=\"\" data-trp-gettext=\"\" >Sort by price: low to high<\/option>\n\t\t\t\t\t<option value=\"price-desc\" data-no-translation=\"\" data-trp-gettext=\"\" >Sort by price: high to low<\/option>\n\t\t\t<\/select>\n\t<input type=\"hidden\" name=\"paged\" value=\"1\" \/>\n\t<input type=\"hidden\" name=\"trp-form-language\" value=\"en\"\/><\/form>\n<\/div><ul class=\"products elementor-grid products_style_creative columns-4\">\n<li class=\"product type-product post-37650 status-publish first instock product_cat-amaranthus product_cat-soklanmis-urunler product_tag-amaranthus product_tag-amaranthus-beyaz product_tag-soklanmis-amaranthus has-post-thumbnail sale shipping-taxable purchasable product-type-simple product_style_creative\">\n\t\t\t<div class=\"post_item post_layout_thumbs\"\n\t\t\t\t\t>\n\t\t\t<div class=\"post_featured hover_shop\">\n\t\t\t\t\t\t\t\t<a href=\"https:\/\/perekmossflower.com.tr\/en\/urun\/soklanmis-amaranthus-beyaz\/\">\n\t\t\t\t\n\t<span class=\"onsale\">-39%<\/span>\n\t<img fetchpriority=\"high\" decoding=\"async\" width=\"700\" height=\"700\" src=\"https:\/\/perekmossflower.com.tr\/wp-content\/uploads\/2024\/10\/perekmossflower-demo-resim-1-700x700.jpg\" class=\"attachment-woocommerce_thumbnail size-woocommerce_thumbnail\" alt=\"\" srcset=\"https:\/\/perekmossflower.com.tr\/wp-content\/uploads\/2024\/10\/perekmossflower-demo-resim-1-700x700.jpg 700w, https:\/\/perekmossflower.com.tr\/wp-content\/uploads\/2024\/10\/perekmossflower-demo-resim-1-150x150.jpg 150w, https:\/\/perekmossflower.com.tr\/wp-content\/uploads\/2024\/10\/perekmossflower-demo-resim-1-120x120.jpg 120w, https:\/\/perekmossflower.com.tr\/wp-content\/uploads\/2024\/10\/perekmossflower-demo-resim-1-460x460.jpg 460w, https:\/\/perekmossflower.com.tr\/wp-content\/uploads\/2024\/10\/perekmossflower-demo-resim-1-370x370.jpg 370w\" sizes=\"(max-width: 700px) 100vw, 700px\" \/>\t\t\t\t<\/a>\n\t\t\t\t\t\t\t\t\t<div class=\"mask\"><\/div>\n\t\t\t\t\t\t\t\t\t<div class=\"top-info\">\n\t\t\t\t\t\t\t\t\t<\/div>\n\t\t\t\t<div class=\"bottom-info\">\n\t\t\t\t\t\t\t\t\t\t\t<div class=\"woosq_wrap\">\n\t\t\t\t\t\t\t<a href=\"?quick-view=37650\" class=\"woosq-btn woosq-btn-37650\" data-id=\"37650\" data-effect=\"mfp-slide-bottom\" data-context=\"default\" rel=\"nofollow\">Quick Review<\/a>\t\t\t\t\t\t<\/div>\n\t\t\t\t\t\t\t\t\t\t<div class=\"add_to_cart_wrap\">\n\t\t\t\t\t\t<a rel=\"nofollow\" href=\"?add-to-cart=37650\" \n\t\t\t\t\t\t\t\t\t\t\t\t\taria-hidden=\"true\" \n\t\t\t\t\t\t\t\t\t\t\t\t\tdata-quantity=\"1\" \n\t\t\t\t\t\t\t\t\t\t\t\t\tdata-product_id=\"37650\"\n\t\t\t\t\t\t\t\t\t\t\t\t\tdata-product_sku=\"STK002\"\n\t\t\t\t\t\t\t\t\t\t\t\t\tclass=\"shop_cart icon-shopping-cart button add_to_cart_button product_type_simple product_in_stock ajax_add_to_cart\">Add to Cart<\/a>\t\t\t\t\t<\/div>\n\t\t\t\t<\/div>\n\t\t\t\t\t\t\t<\/div>\n\t\t\t<div class=\"post_data\">\n\t\t\t\t<div class=\"post_data_inner\">\n\t\t\t\t\t<div class=\"post_header entry-header\">\n\t\t\t\t\t<h2 class=\"woocommerce-loop-product__title\"><a href=\"https:\/\/perekmossflower.com.tr\/en\/urun\/soklanmis-amaranthus-beyaz\/\">Shocked Amaranthus (White)<\/a><\/h2>\t\t\t<\/div>\n\t\t<div class=\"wrap-data-info\">\n\t<span class=\"price\"><del aria-hidden=\"true\"><span class=\"woocommerce-Price-amount amount\"><bdi>399.00&nbsp;<span class=\"woocommerce-Price-currencySymbol\">&#8378;<\/span><\/bdi><\/span><\/del> <span class=\"screen-reader-text\" data-no-translation=\"\" data-trp-gettext=\"\">Original price was: 399.00&nbsp;&#8378;.<\/span><ins aria-hidden=\"true\"><span class=\"woocommerce-Price-amount amount\"><bdi>245.00&nbsp;<span class=\"woocommerce-Price-currencySymbol\">&#8378;<\/span><\/bdi><\/span><\/ins><span class=\"screen-reader-text\" data-no-translation=\"\" data-trp-gettext=\"\">Current price is: 245.00&nbsp;&#8378;.<\/span><\/span>\n<\/div><a href=\"?add-to-cart=37650\" aria-describedby=\"woocommerce_loop_add_to_cart_link_describedby_37650\" data-quantity=\"1\" class=\"button product_type_simple add_to_cart_button ajax_add_to_cart\" data-product_id=\"37650\" data-product_sku=\"STK002\" aria-label=\"Add to cart: \u201c\u015eoklanm\u0131\u015f Amaranthus (Beyaz)\u201d\" rel=\"nofollow\" data-success_message=\"\u201c\u015eoklanm\u0131\u015f Amaranthus (Beyaz)\u201d has been added to your cart\" data-no-translation-aria-label=\"\" data-no-translation-data-success_message=\"\">Buy now<\/a>\t<span id=\"woocommerce_loop_add_to_cart_link_describedby_37650\" class=\"screen-reader-text\">\n\t\t\t<\/span>\n\t\t\t\t<\/div>\n\t\t\t<\/div>\n\t\t<\/div>\n\t\t<\/li>\n<li class=\"product type-product post-37665 status-publish instock product_cat-amabium product_cat-amaranthus-beyazlatismis-urunler product_cat-amaranthus product_cat-baby-okaliptus product_cat-beyazlatismis-urunler product_cat-bloom product_cat-christmas-urunleri product_cat-cipso product_cat-cipso-beyazlatismis-urunler product_cat-civanpercem-achillea product_cat-civanpercem-achillea-beyazlatismis-urunler product_cat-fern-egrelti product_cat-fern-egrelti-beyazlatismis-urunler product_cat-hedera product_cat-kokina product_cat-okaliptus-baby product_cat-okaliptus-silver-dollar product_cat-ortanca-beyazlatismis-urunler product_cat-ortanca product_cat-pamuk-otu product_cat-ruscus product_cat-silver-dollar-okaliptus product_cat-sogut-okaliptus product_cat-soklanmis-bal-moss product_cat-soklanmis-flat-moss product_cat-soklanmis-pampas product_cat-soklanmis-urunler product_cat-tatarica-ithal product_cat-tatarica-yerli product_tag-amabium product_tag-kurutulmus-amabium product_tag-papatya has-post-thumbnail sale shipping-taxable purchasable product-type-simple product_style_creative\">\n\t\t\t<div class=\"post_item post_layout_thumbs\"\n\t\t\t\t\t>\n\t\t\t<div class=\"post_featured hover_shop\">\n\t\t\t\t\t\t\t\t<a href=\"https:\/\/perekmossflower.com.tr\/en\/urun\/gecersiz-urun-demo-urun\/\">\n\t\t\t\t\n\t<span class=\"onsale\">-36%<\/span>\n\t<img fetchpriority=\"high\" decoding=\"async\" width=\"700\" height=\"700\" src=\"https:\/\/perekmossflower.com.tr\/wp-content\/uploads\/2024\/10\/perekmossflower-demo-resim-1-700x700.jpg\" class=\"attachment-woocommerce_thumbnail size-woocommerce_thumbnail\" alt=\"\" srcset=\"https:\/\/perekmossflower.com.tr\/wp-content\/uploads\/2024\/10\/perekmossflower-demo-resim-1-700x700.jpg 700w, https:\/\/perekmossflower.com.tr\/wp-content\/uploads\/2024\/10\/perekmossflower-demo-resim-1-150x150.jpg 150w, https:\/\/perekmossflower.com.tr\/wp-content\/uploads\/2024\/10\/perekmossflower-demo-resim-1-120x120.jpg 120w, https:\/\/perekmossflower.com.tr\/wp-content\/uploads\/2024\/10\/perekmossflower-demo-resim-1-460x460.jpg 460w, https:\/\/perekmossflower.com.tr\/wp-content\/uploads\/2024\/10\/perekmossflower-demo-resim-1-370x370.jpg 370w\" sizes=\"(max-width: 700px) 100vw, 700px\" \/>\t\t\t\t<\/a>\n\t\t\t\t\t\t\t\t\t<div class=\"mask\"><\/div>\n\t\t\t\t\t\t\t\t\t<div class=\"top-info\">\n\t\t\t\t\t\t\t\t\t<\/div>\n\t\t\t\t<div class=\"bottom-info\">\n\t\t\t\t\t\t\t\t\t\t\t<div class=\"woosq_wrap\">\n\t\t\t\t\t\t\t<a href=\"?quick-view=37665\" class=\"woosq-btn woosq-btn-37665\" data-id=\"37665\" data-effect=\"mfp-slide-bottom\" data-context=\"default\" rel=\"nofollow\">Quick Review<\/a>\t\t\t\t\t\t<\/div>\n\t\t\t\t\t\t\t\t\t\t<div class=\"add_to_cart_wrap\">\n\t\t\t\t\t\t<a rel=\"nofollow\" href=\"?add-to-cart=37665\" \n\t\t\t\t\t\t\t\t\t\t\t\t\taria-hidden=\"true\" \n\t\t\t\t\t\t\t\t\t\t\t\t\tdata-quantity=\"1\" \n\t\t\t\t\t\t\t\t\t\t\t\t\tdata-product_id=\"37665\"\n\t\t\t\t\t\t\t\t\t\t\t\t\tdata-product_sku=\"STK000000001\"\n\t\t\t\t\t\t\t\t\t\t\t\t\tclass=\"shop_cart icon-shopping-cart button add_to_cart_button product_type_simple product_in_stock ajax_add_to_cart\">Add to Cart<\/a>\t\t\t\t\t<\/div>\n\t\t\t\t<\/div>\n\t\t\t\t\t\t\t<\/div>\n\t\t\t<div class=\"post_data\">\n\t\t\t\t<div class=\"post_data_inner\">\n\t\t\t\t\t<div class=\"post_header entry-header\">\n\t\t\t\t\t<h2 class=\"woocommerce-loop-product__title\"><a href=\"https:\/\/perekmossflower.com.tr\/en\/urun\/gecersiz-urun-demo-urun\/\">INVALID PRODUCT DEMO PRODUCT<\/a><\/h2>\t\t\t<\/div>\n\t\t<div class=\"wrap-data-info\">\n\t<span class=\"price\"><del aria-hidden=\"true\"><span class=\"woocommerce-Price-amount amount\"><bdi>249.00&nbsp;<span class=\"woocommerce-Price-currencySymbol\">&#8378;<\/span><\/bdi><\/span><\/del> <span class=\"screen-reader-text\" data-no-translation=\"\" data-trp-gettext=\"\">Original price was: 249.00&nbsp;&#8378;.<\/span><ins aria-hidden=\"true\"><span class=\"woocommerce-Price-amount amount\"><bdi>159.00&nbsp;<span class=\"woocommerce-Price-currencySymbol\">&#8378;<\/span><\/bdi><\/span><\/ins><span class=\"screen-reader-text\" data-no-translation=\"\" data-trp-gettext=\"\">Current price is: 159.00&nbsp;&#8378;.<\/span><\/span>\n<\/div><a href=\"?add-to-cart=37665\" aria-describedby=\"woocommerce_loop_add_to_cart_link_describedby_37665\" data-quantity=\"1\" class=\"button product_type_simple add_to_cart_button ajax_add_to_cart\" data-product_id=\"37665\" data-product_sku=\"STK000000001\" aria-label=\"Add to cart: \u201cGE\u00c7ERS\u0130Z \u00dcR\u00dcN DEMO \u00dcR\u00dcN\u201d\" rel=\"nofollow\" data-success_message=\"\u201cGE\u00c7ERS\u0130Z \u00dcR\u00dcN DEMO \u00dcR\u00dcN\u201d has been added to your cart\" data-no-translation-aria-label=\"\" data-no-translation-data-success_message=\"\">Buy now<\/a>\t<span id=\"woocommerce_loop_add_to_cart_link_describedby_37665\" class=\"screen-reader-text\">\n\t\t\t<\/span>\n\t\t\t\t<\/div>\n\t\t\t<\/div>\n\t\t<\/div>\n\t\t<\/li>\n<\/ul>\n<\/div>\t\t<\/div>\n\t\t\t\t<\/div>\n\t\t\t\t<div class=\"elementor-element elementor-element-3f187ac sc_height_huge sc_fly_static elementor-widget elementor-widget-spacer\" data-id=\"3f187ac\" data-element_type=\"widget\" data-widget_type=\"spacer.default\">\n\t\t\t\t<div class=\"elementor-widget-container\">\n\t\t\t\t\t<div class=\"elementor-spacer\">\n\t\t\t<div class=\"elementor-spacer-inner\"><\/div>\n\t\t<\/div>\n\t\t\t\t<\/div>\n\t\t\t\t<\/div>\n\t\t\t\t\t<\/div>\n\t\t<\/div>\n\t\t\t\t\t<\/div>\n\t\t<\/section>\n\t\t\t\t<\/div>","protected":false},"excerpt":{"rendered":"","protected":false},"author":1,"featured_media":0,"parent":37398,"menu_order":0,"comment_status":"closed","ping_status":"closed","template":"","meta":{"footnotes":""},"class_list":["post-37395","page","type-page","status-publish","hentry"],"yoast_head":"<!-- This site is optimized with the Yoast SEO plugin v23.5 - https:\/\/yoast.com\/wordpress\/plugins\/seo\/ -->\n<title>Amaranthus - Perek Moss &amp; Flower<\/title>\n<meta name=\"robots\" content=\"index, follow, max-snippet:-1, max-image-preview:large, max-video-preview:-1\" \/>\n<link rel=\"canonical\" href=\"https:\/\/perekmossflower.com.tr\/en\/alisveris\/soklanmis-urunler\/amaranthus\/\" \/>\n<meta property=\"og:locale\" content=\"en_US\" \/>\n<meta property=\"og:type\" content=\"article\" \/>\n<meta property=\"og:title\" content=\"Amaranthus - Perek Moss &amp; Flower\" \/>\n<meta property=\"og:url\" content=\"https:\/\/perekmossflower.com.tr\/en\/alisveris\/soklanmis-urunler\/amaranthus\/\" \/>\n<meta property=\"og:site_name\" content=\"Perek Moss &amp; Flower\" \/>\n<meta property=\"article:modified_time\" content=\"2024-10-08T09:58:04+00:00\" \/>\n<meta name=\"twitter:card\" content=\"summary_large_image\" \/>\n<meta name=\"twitter:label1\" content=\"Est. reading time\" \/>\n\t<meta name=\"twitter:data1\" content=\"5 minutes\" \/>\n<script type=\"application\/ld+json\" class=\"yoast-schema-graph\">{\"@context\":\"https:\/\/schema.org\",\"@graph\":[{\"@type\":\"WebPage\",\"@id\":\"https:\/\/perekmossflower.com.tr\/en\/alisveris\/soklanmis-urunler\/amaranthus\/\",\"url\":\"https:\/\/perekmossflower.com.tr\/en\/alisveris\/soklanmis-urunler\/amaranthus\/\",\"name\":\"Amaranthus - Perek Moss &amp; Flower\",\"isPartOf\":{\"@id\":\"https:\/\/perekmossflower.com.tr\/en\/#website\"},\"datePublished\":\"2024-10-08T09:53:20+00:00\",\"dateModified\":\"2024-10-08T09:58:04+00:00\",\"breadcrumb\":{\"@id\":\"https:\/\/perekmossflower.com.tr\/en\/alisveris\/soklanmis-urunler\/amaranthus\/#breadcrumb\"},\"inLanguage\":\"en-US\",\"potentialAction\":[{\"@type\":\"ReadAction\",\"target\":[\"https:\/\/perekmossflower.com.tr\/en\/alisveris\/soklanmis-urunler\/amaranthus\/\"]}]},{\"@type\":\"BreadcrumbList\",\"@id\":\"https:\/\/perekmossflower.com.tr\/en\/alisveris\/soklanmis-urunler\/amaranthus\/#breadcrumb\",\"itemListElement\":[{\"@type\":\"ListItem\",\"position\":1,\"name\":\"Anasayfa\",\"item\":\"https:\/\/perekmossflower.com.tr\/\"},{\"@type\":\"ListItem\",\"position\":2,\"name\":\"Al\u0131\u015fveri\u015f\",\"item\":\"https:\/\/perekmossflower.com.tr\/alisveris\/\"},{\"@type\":\"ListItem\",\"position\":3,\"name\":\"\u015eoklanm\u0131\u015f \u00dcr\u00fcnler\",\"item\":\"https:\/\/perekmossflower.com.tr\/alisveris\/soklanmis-urunler\/\"},{\"@type\":\"ListItem\",\"position\":4,\"name\":\"Amaranthus\"}]},{\"@type\":\"WebSite\",\"@id\":\"https:\/\/perekmossflower.com.tr\/en\/#website\",\"url\":\"https:\/\/perekmossflower.com.tr\/en\/\",\"name\":\"Perek Moss &amp; Flower\",\"description\":\"Toptan Kurutulmu\u015f Ve \u015eoklanm\u0131\u015f \u00c7i\u00e7ek \u00dcreticisi\",\"publisher\":{\"@id\":\"https:\/\/perekmossflower.com.tr\/en\/#organization\"},\"potentialAction\":[{\"@type\":\"SearchAction\",\"target\":{\"@type\":\"EntryPoint\",\"urlTemplate\":\"https:\/\/perekmossflower.com.tr\/en\/?s={search_term_string}\"},\"query-input\":{\"@type\":\"PropertyValueSpecification\",\"valueRequired\":true,\"valueName\":\"search_term_string\"}}],\"inLanguage\":\"en-US\"},{\"@type\":\"Organization\",\"@id\":\"https:\/\/perekmossflower.com.tr\/en\/#organization\",\"name\":\"Perek Moss &amp; Flower\",\"url\":\"https:\/\/perekmossflower.com.tr\/en\/\",\"logo\":{\"@type\":\"ImageObject\",\"inLanguage\":\"en-US\",\"@id\":\"https:\/\/perekmossflower.com.tr\/en\/#\/schema\/logo\/image\/\",\"url\":\"https:\/\/perekmossflower.com.tr\/wp-content\/uploads\/2020\/08\/perekmossflower-logo-150.png\",\"contentUrl\":\"https:\/\/perekmossflower.com.tr\/wp-content\/uploads\/2020\/08\/perekmossflower-logo-150.png\",\"width\":523,\"height\":250,\"caption\":\"Perek Moss &amp; Flower\"},\"image\":{\"@id\":\"https:\/\/perekmossflower.com.tr\/en\/#\/schema\/logo\/image\/\"}}]}<\/script>\n<!-- \/ Yoast SEO plugin. -->","yoast_head_json":{"title":"Amaranthus - Perek Moss &amp; Flower","robots":{"index":"index","follow":"follow","max-snippet":"max-snippet:-1","max-image-preview":"max-image-preview:large","max-video-preview":"max-video-preview:-1"},"canonical":"https:\/\/perekmossflower.com.tr\/en\/alisveris\/soklanmis-urunler\/amaranthus\/","og_locale":"en_US","og_type":"article","og_title":"Amaranthus - Perek Moss &amp; Flower","og_url":"https:\/\/perekmossflower.com.tr\/en\/alisveris\/soklanmis-urunler\/amaranthus\/","og_site_name":"Perek Moss &amp; Flower","article_modified_time":"2024-10-08T09:58:04+00:00","twitter_card":"summary_large_image","twitter_misc":{"Est. reading time":"5 minutes"},"schema":{"@context":"https:\/\/schema.org","@graph":[{"@type":"WebPage","@id":"https:\/\/perekmossflower.com.tr\/en\/alisveris\/soklanmis-urunler\/amaranthus\/","url":"https:\/\/perekmossflower.com.tr\/en\/alisveris\/soklanmis-urunler\/amaranthus\/","name":"Amaranthus - Perek Moss &amp; Flower","isPartOf":{"@id":"https:\/\/perekmossflower.com.tr\/en\/#website"},"datePublished":"2024-10-08T09:53:20+00:00","dateModified":"2024-10-08T09:58:04+00:00","breadcrumb":{"@id":"https:\/\/perekmossflower.com.tr\/en\/alisveris\/soklanmis-urunler\/amaranthus\/#breadcrumb"},"inLanguage":"en-US","potentialAction":[{"@type":"ReadAction","target":["https:\/\/perekmossflower.com.tr\/en\/alisveris\/soklanmis-urunler\/amaranthus\/"]}]},{"@type":"BreadcrumbList","@id":"https:\/\/perekmossflower.com.tr\/en\/alisveris\/soklanmis-urunler\/amaranthus\/#breadcrumb","itemListElement":[{"@type":"ListItem","position":1,"name":"Anasayfa","item":"https:\/\/perekmossflower.com.tr\/"},{"@type":"ListItem","position":2,"name":"Al\u0131\u015fveri\u015f","item":"https:\/\/perekmossflower.com.tr\/alisveris\/"},{"@type":"ListItem","position":3,"name":"\u015eoklanm\u0131\u015f \u00dcr\u00fcnler","item":"https:\/\/perekmossflower.com.tr\/alisveris\/soklanmis-urunler\/"},{"@type":"ListItem","position":4,"name":"Amaranthus"}]},{"@type":"WebSite","@id":"https:\/\/perekmossflower.com.tr\/en\/#website","url":"https:\/\/perekmossflower.com.tr\/en\/","name":"Perek Moss &amp; Flower","description":"Toptan Kurutulmu\u015f Ve \u015eoklanm\u0131\u015f \u00c7i\u00e7ek \u00dcreticisi","publisher":{"@id":"https:\/\/perekmossflower.com.tr\/en\/#organization"},"potentialAction":[{"@type":"SearchAction","target":{"@type":"EntryPoint","urlTemplate":"https:\/\/perekmossflower.com.tr\/en\/?s={search_term_string}"},"query-input":{"@type":"PropertyValueSpecification","valueRequired":true,"valueName":"search_term_string"}}],"inLanguage":"en-US"},{"@type":"Organization","@id":"https:\/\/perekmossflower.com.tr\/en\/#organization","name":"Perek Moss &amp; Flower","url":"https:\/\/perekmossflower.com.tr\/en\/","logo":{"@type":"ImageObject","inLanguage":"en-US","@id":"https:\/\/perekmossflower.com.tr\/en\/#\/schema\/logo\/image\/","url":"https:\/\/perekmossflower.com.tr\/wp-content\/uploads\/2020\/08\/perekmossflower-logo-150.png","contentUrl":"https:\/\/perekmossflower.com.tr\/wp-content\/uploads\/2020\/08\/perekmossflower-logo-150.png","width":523,"height":250,"caption":"Perek Moss &amp; Flower"},"image":{"@id":"https:\/\/perekmossflower.com.tr\/en\/#\/schema\/logo\/image\/"}}]}},"_links":{"self":[{"href":"https:\/\/perekmossflower.com.tr\/en\/wp-json\/wp\/v2\/pages\/37395"}],"collection":[{"href":"https:\/\/perekmossflower.com.tr\/en\/wp-json\/wp\/v2\/pages"}],"about":[{"href":"https:\/\/perekmossflower.com.tr\/en\/wp-json\/wp\/v2\/types\/page"}],"author":[{"embeddable":true,"href":"https:\/\/perekmossflower.com.tr\/en\/wp-json\/wp\/v2\/users\/1"}],"replies":[{"embeddable":true,"href":"https:\/\/perekmossflower.com.tr\/en\/wp-json\/wp\/v2\/comments?post=37395"}],"version-history":[{"count":4,"href":"https:\/\/perekmossflower.com.tr\/en\/wp-json\/wp\/v2\/pages\/37395\/revisions"}],"predecessor-version":[{"id":37516,"href":"https:\/\/perekmossflower.com.tr\/en\/wp-json\/wp\/v2\/pages\/37395\/revisions\/37516"}],"up":[{"embeddable":true,"href":"https:\/\/perekmossflower.com.tr\/en\/wp-json\/wp\/v2\/pages\/37398"}],"wp:attachment":[{"href":"https:\/\/perekmossflower.com.tr\/en\/wp-json\/wp\/v2\/media?parent=37395"}],"curies":[{"name":"wp","href":"https:\/\/api.w.org\/{rel}","templated":true}]}}