{"id":37728,"date":"2024-10-08T15:11:59","date_gmt":"2024-10-08T12:11:59","guid":{"rendered":"https:\/\/perekmossflower.com.tr\/?post_type=product&#038;p=37728"},"modified":"2024-10-16T10:30:11","modified_gmt":"2024-10-16T07:30:11","slug":"soklanmis-ortanca-demeti","status":"publish","type":"product","link":"https:\/\/perekmossflower.com.tr\/en\/urun\/soklanmis-ortanca-demeti\/","title":{"rendered":"Shocked Hydrangea Bunch"},"content":{"rendered":"<ul>\n<li>The product does not require any maintenance, water, etc. for use.<\/li>\n<li>It can be used for up to 1 year if not exposed to direct sunlight.<\/li>\n<li>The use of shocked flowers does not require any maintenance, water, etc.<\/li>\n<li>It is recommended to use in an area away from direct sunlight.<\/li>\n<li>It is sent as a bundle as shown in the image.<\/li>\n<li>Its length is approximately 50 cm.<\/li>\n<li>The vase was filled with tears.<\/li>\n<li>It is not an artificial flower, it is a natural plant that has been shocked and does not fade for a long time.<\/li>\n<li>Never put water into the vase you will use.<\/li>\n<li>The product in the image is a bundle.<\/li>\n<li>You can cut the length of the flower from the bottom according to your vase.<\/li>\n<li>Since it is not an artificial product, it may have minor flaws.<\/li>\n<\/ul>","protected":false},"excerpt":{"rendered":"<ul>\n<li>The length of the shocked hydrangea bundle is approximately 50 cm.<\/li>\n<li>There are 1-4 branches of hydrangea in a bunch. The total diameter of the bunch is 17 cm.<\/li>\n<li>Since the sizes of real hydrangeas are not standard, we combine their heads and make the head diameter standard. (17-19 cm)<\/li>\n<li>Since it is not an artificial product, it may have minor flaws (such as slight differences in color tone).<\/li>\n<li>It is not an artificial flower, it is a natural plant that has been shocked or dried and does not fade for a long time.<\/li>\n<li>Exposure to direct sunlight reduces the life of the product.<\/li>\n<li>White products may become creamy in color over time.<\/li>\n<li>Excellent results are achieved when used in bridal bouquets or as decorative items.<\/li>\n<li>It provides perfect integrity with the flowers in your arrangements.<\/li>\n<\/ul>\n<p><img decoding=\"async\" class=\"alignnone wp-image-37864\" src=\"https:\/\/perekmossflower.com.tr\/wp-content\/uploads\/2024\/10\/yurtici-kargo-logo-1-300x75.png\" alt=\"\" width=\"208\" height=\"52\" srcset=\"https:\/\/perekmossflower.com.tr\/wp-content\/uploads\/2024\/10\/yurtici-kargo-logo-1-300x75.png 300w, https:\/\/perekmossflower.com.tr\/wp-content\/uploads\/2024\/10\/yurtici-kargo-logo-1-18x4.png 18w, https:\/\/perekmossflower.com.tr\/wp-content\/uploads\/2024\/10\/yurtici-kargo-logo-1.png 362w\" sizes=\"(max-width: 208px) 100vw, 208px\" \/><\/p>","protected":false},"featured_media":37729,"comment_status":"open","ping_status":"closed","template":"","meta":[],"product_cat":[302,227],"product_tag":[341,340,339],"class_list":{"0":"post-37728","1":"product","2":"type-product","3":"status-publish","4":"has-post-thumbnail","6":"product_cat-ortanca","7":"product_cat-soklanmis-urunler","8":"product_tag-ortanca-demeti","9":"product_tag-soklanmis-ortanca","10":"product_tag-soklanmis-ortanca-demeti","12":"first","13":"instock","14":"sale","15":"shipping-taxable","16":"purchasable","17":"product-type-simple"},"yoast_head":"<!-- This site is optimized with the Yoast SEO plugin v23.5 - https:\/\/yoast.com\/wordpress\/plugins\/seo\/ -->\n<title>\u015eoklanm\u0131\u015f Ortanca Demeti - Perek Moss &amp; Flower<\/title>\n<meta name=\"robots\" content=\"index, follow, max-snippet:-1, max-image-preview:large, max-video-preview:-1\" \/>\n<link rel=\"canonical\" href=\"https:\/\/perekmossflower.com.tr\/en\/urun\/soklanmis-ortanca-demeti\/\" \/>\n<meta property=\"og:locale\" content=\"en_US\" \/>\n<meta property=\"og:type\" content=\"article\" \/>\n<meta property=\"og:title\" content=\"\u015eoklanm\u0131\u015f Ortanca Demeti - Perek Moss &amp; Flower\" \/>\n<meta property=\"og:description\" content=\"\u015eoklanm\u0131\u015f ortanca demeti uzunlu\u011fu yakla\u015f\u0131k 50 cm&#039;dir.  Bir demette 1-4\u00a0 dal aras\u0131nda ortanca \u00a0vard\u0131r. Demet toplam \u00e7ap\u0131 17 cm dir.  Ger\u00e7ek ortancalar\u0131n b\u00fcy\u00fckl\u00fckleri standart olmad\u0131\u011f\u0131 i\u00e7in kafalar\u0131n\u0131 birle\u015ftirip kafa \u00e7ap\u0131n\u0131 standart yapmaktay\u0131z.(17-19 cm)  Yapay \u00fcr\u00fcn olmad\u0131\u011f\u0131 i\u00e7in ufak kusurlar\u0131 olabilir (renk tonunda cok az farkl\u0131l\u0131klar gibi)  Yapay \u00e7i\u00e7ek de\u011fildir , \u015foklanm\u0131\u015f yada kurutulmu\u015f uzun s\u00fcre solmayan do\u011fal bir bitkidir.  Direk g\u00fcne\u015f \u0131\u015f\u0131\u011f\u0131na maruz kalmas\u0131 \u00fcr\u00fcn\u00fcn \u00f6mr\u00fcn\u00fc azaltmaktad\u0131r.  Beyaz \u00fcr\u00fcnlerde zamanla renginde kremle\u015fme olabilir.  Gelin buketleri veya dekoratif olarak kullan\u0131ld\u0131\u011f\u0131nda m\u00fckemmel sonu\u00e7lar al\u0131n\u0131r.  Aranjmanlar\u0131n\u0131zdaki \u00e7i\u00e7eklerle beraber m\u00fckemmel bir b\u00fct\u00fcnl\u00fck saglar.\" \/>\n<meta property=\"og:url\" content=\"https:\/\/perekmossflower.com.tr\/en\/urun\/soklanmis-ortanca-demeti\/\" \/>\n<meta property=\"og:site_name\" content=\"Perek Moss &amp; Flower\" \/>\n<meta property=\"article:modified_time\" content=\"2024-10-16T07:30:11+00:00\" \/>\n<meta property=\"og:image\" content=\"https:\/\/perekmossflower.com.tr\/wp-content\/uploads\/2024\/10\/soklanmis-ortanca-demeti-1.jpg\" \/>\n\t<meta property=\"og:image:width\" content=\"1200\" \/>\n\t<meta property=\"og:image:height\" content=\"1800\" \/>\n\t<meta property=\"og:image:type\" content=\"image\/jpeg\" \/>\n<meta name=\"twitter:card\" content=\"summary_large_image\" \/>\n<meta name=\"twitter:label1\" content=\"Est. reading time\" \/>\n\t<meta name=\"twitter:data1\" content=\"1 minute\" \/>\n<script type=\"application\/ld+json\" class=\"yoast-schema-graph\">{\"@context\":\"https:\/\/schema.org\",\"@graph\":[{\"@type\":\"WebPage\",\"@id\":\"https:\/\/perekmossflower.com.tr\/en\/urun\/soklanmis-ortanca-demeti\/\",\"url\":\"https:\/\/perekmossflower.com.tr\/en\/urun\/soklanmis-ortanca-demeti\/\",\"name\":\"\u015eoklanm\u0131\u015f Ortanca Demeti - Perek Moss &amp; Flower\",\"isPartOf\":{\"@id\":\"https:\/\/perekmossflower.com.tr\/en\/#website\"},\"primaryImageOfPage\":{\"@id\":\"https:\/\/perekmossflower.com.tr\/en\/urun\/soklanmis-ortanca-demeti\/#primaryimage\"},\"image\":{\"@id\":\"https:\/\/perekmossflower.com.tr\/en\/urun\/soklanmis-ortanca-demeti\/#primaryimage\"},\"thumbnailUrl\":\"https:\/\/perekmossflower.com.tr\/wp-content\/uploads\/2024\/10\/soklanmis-ortanca-demeti-1.jpg\",\"datePublished\":\"2024-10-08T12:11:59+00:00\",\"dateModified\":\"2024-10-16T07:30:11+00:00\",\"breadcrumb\":{\"@id\":\"https:\/\/perekmossflower.com.tr\/en\/urun\/soklanmis-ortanca-demeti\/#breadcrumb\"},\"inLanguage\":\"en-US\",\"potentialAction\":[{\"@type\":\"ReadAction\",\"target\":[\"https:\/\/perekmossflower.com.tr\/en\/urun\/soklanmis-ortanca-demeti\/\"]}]},{\"@type\":\"ImageObject\",\"inLanguage\":\"en-US\",\"@id\":\"https:\/\/perekmossflower.com.tr\/en\/urun\/soklanmis-ortanca-demeti\/#primaryimage\",\"url\":\"https:\/\/perekmossflower.com.tr\/wp-content\/uploads\/2024\/10\/soklanmis-ortanca-demeti-1.jpg\",\"contentUrl\":\"https:\/\/perekmossflower.com.tr\/wp-content\/uploads\/2024\/10\/soklanmis-ortanca-demeti-1.jpg\",\"width\":1200,\"height\":1800},{\"@type\":\"BreadcrumbList\",\"@id\":\"https:\/\/perekmossflower.com.tr\/en\/urun\/soklanmis-ortanca-demeti\/#breadcrumb\",\"itemListElement\":[{\"@type\":\"ListItem\",\"position\":1,\"name\":\"Anasayfa\",\"item\":\"https:\/\/perekmossflower.com.tr\/\"},{\"@type\":\"ListItem\",\"position\":2,\"name\":\"\u00dcr\u00fcnler\",\"item\":\"https:\/\/perekmossflower.com.tr\/shop\/\"},{\"@type\":\"ListItem\",\"position\":3,\"name\":\"\u015eoklanm\u0131\u015f Ortanca Demeti\"}]},{\"@type\":\"WebSite\",\"@id\":\"https:\/\/perekmossflower.com.tr\/en\/#website\",\"url\":\"https:\/\/perekmossflower.com.tr\/en\/\",\"name\":\"Perek Moss &amp; Flower\",\"description\":\"Toptan Kurutulmu\u015f Ve \u015eoklanm\u0131\u015f \u00c7i\u00e7ek \u00dcreticisi\",\"publisher\":{\"@id\":\"https:\/\/perekmossflower.com.tr\/en\/#organization\"},\"potentialAction\":[{\"@type\":\"SearchAction\",\"target\":{\"@type\":\"EntryPoint\",\"urlTemplate\":\"https:\/\/perekmossflower.com.tr\/en\/?s={search_term_string}\"},\"query-input\":{\"@type\":\"PropertyValueSpecification\",\"valueRequired\":true,\"valueName\":\"search_term_string\"}}],\"inLanguage\":\"en-US\"},{\"@type\":\"Organization\",\"@id\":\"https:\/\/perekmossflower.com.tr\/en\/#organization\",\"name\":\"Perek Moss &amp; Flower\",\"url\":\"https:\/\/perekmossflower.com.tr\/en\/\",\"logo\":{\"@type\":\"ImageObject\",\"inLanguage\":\"en-US\",\"@id\":\"https:\/\/perekmossflower.com.tr\/en\/#\/schema\/logo\/image\/\",\"url\":\"https:\/\/perekmossflower.com.tr\/wp-content\/uploads\/2020\/08\/perekmossflower-logo-150.png\",\"contentUrl\":\"https:\/\/perekmossflower.com.tr\/wp-content\/uploads\/2020\/08\/perekmossflower-logo-150.png\",\"width\":523,\"height\":250,\"caption\":\"Perek Moss &amp; Flower\"},\"image\":{\"@id\":\"https:\/\/perekmossflower.com.tr\/en\/#\/schema\/logo\/image\/\"}}]}<\/script>\n<!-- \/ Yoast SEO plugin. -->","yoast_head_json":{"title":"\u015eoklanm\u0131\u015f Ortanca Demeti - Perek Moss &amp; Flower","robots":{"index":"index","follow":"follow","max-snippet":"max-snippet:-1","max-image-preview":"max-image-preview:large","max-video-preview":"max-video-preview:-1"},"canonical":"https:\/\/perekmossflower.com.tr\/en\/urun\/soklanmis-ortanca-demeti\/","og_locale":"en_US","og_type":"article","og_title":"\u015eoklanm\u0131\u015f Ortanca Demeti - Perek Moss &amp; Flower","og_description":"\u015eoklanm\u0131\u015f ortanca demeti uzunlu\u011fu yakla\u015f\u0131k 50 cm'dir.  Bir demette 1-4\u00a0 dal aras\u0131nda ortanca \u00a0vard\u0131r. Demet toplam \u00e7ap\u0131 17 cm dir.  Ger\u00e7ek ortancalar\u0131n b\u00fcy\u00fckl\u00fckleri standart olmad\u0131\u011f\u0131 i\u00e7in kafalar\u0131n\u0131 birle\u015ftirip kafa \u00e7ap\u0131n\u0131 standart yapmaktay\u0131z.(17-19 cm)  Yapay \u00fcr\u00fcn olmad\u0131\u011f\u0131 i\u00e7in ufak kusurlar\u0131 olabilir (renk tonunda cok az farkl\u0131l\u0131klar gibi)  Yapay \u00e7i\u00e7ek de\u011fildir , \u015foklanm\u0131\u015f yada kurutulmu\u015f uzun s\u00fcre solmayan do\u011fal bir bitkidir.  Direk g\u00fcne\u015f \u0131\u015f\u0131\u011f\u0131na maruz kalmas\u0131 \u00fcr\u00fcn\u00fcn \u00f6mr\u00fcn\u00fc azaltmaktad\u0131r.  Beyaz \u00fcr\u00fcnlerde zamanla renginde kremle\u015fme olabilir.  Gelin buketleri veya dekoratif olarak kullan\u0131ld\u0131\u011f\u0131nda m\u00fckemmel sonu\u00e7lar al\u0131n\u0131r.  Aranjmanlar\u0131n\u0131zdaki \u00e7i\u00e7eklerle beraber m\u00fckemmel bir b\u00fct\u00fcnl\u00fck saglar.","og_url":"https:\/\/perekmossflower.com.tr\/en\/urun\/soklanmis-ortanca-demeti\/","og_site_name":"Perek Moss &amp; Flower","article_modified_time":"2024-10-16T07:30:11+00:00","og_image":[{"width":1200,"height":1800,"url":"https:\/\/perekmossflower.com.tr\/wp-content\/uploads\/2024\/10\/soklanmis-ortanca-demeti-1.jpg","type":"image\/jpeg"}],"twitter_card":"summary_large_image","twitter_misc":{"Est. reading time":"1 minute"},"schema":{"@context":"https:\/\/schema.org","@graph":[{"@type":"WebPage","@id":"https:\/\/perekmossflower.com.tr\/en\/urun\/soklanmis-ortanca-demeti\/","url":"https:\/\/perekmossflower.com.tr\/en\/urun\/soklanmis-ortanca-demeti\/","name":"\u015eoklanm\u0131\u015f Ortanca Demeti - Perek Moss &amp; Flower","isPartOf":{"@id":"https:\/\/perekmossflower.com.tr\/en\/#website"},"primaryImageOfPage":{"@id":"https:\/\/perekmossflower.com.tr\/en\/urun\/soklanmis-ortanca-demeti\/#primaryimage"},"image":{"@id":"https:\/\/perekmossflower.com.tr\/en\/urun\/soklanmis-ortanca-demeti\/#primaryimage"},"thumbnailUrl":"https:\/\/perekmossflower.com.tr\/wp-content\/uploads\/2024\/10\/soklanmis-ortanca-demeti-1.jpg","datePublished":"2024-10-08T12:11:59+00:00","dateModified":"2024-10-16T07:30:11+00:00","breadcrumb":{"@id":"https:\/\/perekmossflower.com.tr\/en\/urun\/soklanmis-ortanca-demeti\/#breadcrumb"},"inLanguage":"en-US","potentialAction":[{"@type":"ReadAction","target":["https:\/\/perekmossflower.com.tr\/en\/urun\/soklanmis-ortanca-demeti\/"]}]},{"@type":"ImageObject","inLanguage":"en-US","@id":"https:\/\/perekmossflower.com.tr\/en\/urun\/soklanmis-ortanca-demeti\/#primaryimage","url":"https:\/\/perekmossflower.com.tr\/wp-content\/uploads\/2024\/10\/soklanmis-ortanca-demeti-1.jpg","contentUrl":"https:\/\/perekmossflower.com.tr\/wp-content\/uploads\/2024\/10\/soklanmis-ortanca-demeti-1.jpg","width":1200,"height":1800},{"@type":"BreadcrumbList","@id":"https:\/\/perekmossflower.com.tr\/en\/urun\/soklanmis-ortanca-demeti\/#breadcrumb","itemListElement":[{"@type":"ListItem","position":1,"name":"Anasayfa","item":"https:\/\/perekmossflower.com.tr\/"},{"@type":"ListItem","position":2,"name":"\u00dcr\u00fcnler","item":"https:\/\/perekmossflower.com.tr\/shop\/"},{"@type":"ListItem","position":3,"name":"\u015eoklanm\u0131\u015f Ortanca Demeti"}]},{"@type":"WebSite","@id":"https:\/\/perekmossflower.com.tr\/en\/#website","url":"https:\/\/perekmossflower.com.tr\/en\/","name":"Perek Moss &amp; Flower","description":"Toptan Kurutulmu\u015f Ve \u015eoklanm\u0131\u015f \u00c7i\u00e7ek \u00dcreticisi","publisher":{"@id":"https:\/\/perekmossflower.com.tr\/en\/#organization"},"potentialAction":[{"@type":"SearchAction","target":{"@type":"EntryPoint","urlTemplate":"https:\/\/perekmossflower.com.tr\/en\/?s={search_term_string}"},"query-input":{"@type":"PropertyValueSpecification","valueRequired":true,"valueName":"search_term_string"}}],"inLanguage":"en-US"},{"@type":"Organization","@id":"https:\/\/perekmossflower.com.tr\/en\/#organization","name":"Perek Moss &amp; Flower","url":"https:\/\/perekmossflower.com.tr\/en\/","logo":{"@type":"ImageObject","inLanguage":"en-US","@id":"https:\/\/perekmossflower.com.tr\/en\/#\/schema\/logo\/image\/","url":"https:\/\/perekmossflower.com.tr\/wp-content\/uploads\/2020\/08\/perekmossflower-logo-150.png","contentUrl":"https:\/\/perekmossflower.com.tr\/wp-content\/uploads\/2020\/08\/perekmossflower-logo-150.png","width":523,"height":250,"caption":"Perek Moss &amp; Flower"},"image":{"@id":"https:\/\/perekmossflower.com.tr\/en\/#\/schema\/logo\/image\/"}}]}},"_links":{"self":[{"href":"https:\/\/perekmossflower.com.tr\/en\/wp-json\/wp\/v2\/product\/37728"}],"collection":[{"href":"https:\/\/perekmossflower.com.tr\/en\/wp-json\/wp\/v2\/product"}],"about":[{"href":"https:\/\/perekmossflower.com.tr\/en\/wp-json\/wp\/v2\/types\/product"}],"replies":[{"embeddable":true,"href":"https:\/\/perekmossflower.com.tr\/en\/wp-json\/wp\/v2\/comments?post=37728"}],"wp:featuredmedia":[{"embeddable":true,"href":"https:\/\/perekmossflower.com.tr\/en\/wp-json\/wp\/v2\/media\/37729"}],"wp:attachment":[{"href":"https:\/\/perekmossflower.com.tr\/en\/wp-json\/wp\/v2\/media?parent=37728"}],"wp:term":[{"taxonomy":"product_cat","embeddable":true,"href":"https:\/\/perekmossflower.com.tr\/en\/wp-json\/wp\/v2\/product_cat?post=37728"},{"taxonomy":"product_tag","embeddable":true,"href":"https:\/\/perekmossflower.com.tr\/en\/wp-json\/wp\/v2\/product_tag?post=37728"}],"curies":[{"name":"wp","href":"https:\/\/api.w.org\/{rel}","templated":true}]}}