{"id":38049,"date":"2025-03-06T09:31:51","date_gmt":"2025-03-06T06:31:51","guid":{"rendered":"https:\/\/perekmossflower.com.tr\/?post_type=product&#038;p=38049"},"modified":"2025-09-18T12:05:26","modified_gmt":"2025-09-18T09:05:26","slug":"yalova-kafe-yapay-bitkilendirme-linki","status":"publish","type":"product","link":"https:\/\/perekmossflower.com.tr\/en\/urun\/yalova-kafe-yapay-bitkilendirme-linki\/","title":{"rendered":"toptan link"},"content":{"rendered":"","protected":false},"excerpt":{"rendered":"","protected":false},"featured_media":37659,"comment_status":"open","ping_status":"closed","template":"","meta":[],"product_cat":[289],"product_tag":[],"class_list":{"0":"post-38049","1":"product","2":"type-product","3":"status-publish","4":"has-post-thumbnail","6":"product_cat-soklanmis-flat-moss","8":"first","9":"instock","10":"shipping-taxable","11":"purchasable","12":"product-type-simple"},"yoast_head":"<!-- This site is optimized with the Yoast SEO plugin v23.5 - https:\/\/yoast.com\/wordpress\/plugins\/seo\/ -->\n<title>toptan link - Perek Moss &amp; Flower<\/title>\n<meta name=\"robots\" content=\"index, follow, max-snippet:-1, max-image-preview:large, max-video-preview:-1\" \/>\n<link rel=\"canonical\" href=\"https:\/\/perekmossflower.com.tr\/en\/urun\/yalova-kafe-yapay-bitkilendirme-linki\/\" \/>\n<meta property=\"og:locale\" content=\"en_US\" \/>\n<meta property=\"og:type\" content=\"article\" \/>\n<meta property=\"og:title\" content=\"toptan link - Perek Moss &amp; Flower\" \/>\n<meta property=\"og:url\" content=\"https:\/\/perekmossflower.com.tr\/en\/urun\/yalova-kafe-yapay-bitkilendirme-linki\/\" \/>\n<meta property=\"og:site_name\" content=\"Perek Moss &amp; Flower\" \/>\n<meta property=\"article:modified_time\" content=\"2025-09-18T09:05:26+00:00\" \/>\n<meta property=\"og:image\" content=\"https:\/\/perekmossflower.com.tr\/wp-content\/uploads\/2024\/10\/perekmossflower-demo-resim-1.jpg\" \/>\n\t<meta property=\"og:image:width\" content=\"1200\" \/>\n\t<meta property=\"og:image:height\" content=\"1800\" \/>\n\t<meta property=\"og:image:type\" content=\"image\/jpeg\" \/>\n<meta name=\"twitter:card\" content=\"summary_large_image\" \/>\n<meta name=\"twitter:label1\" content=\"Est. reading time\" \/>\n\t<meta name=\"twitter:data1\" content=\"1 minute\" \/>\n<script type=\"application\/ld+json\" class=\"yoast-schema-graph\">{\"@context\":\"https:\/\/schema.org\",\"@graph\":[{\"@type\":\"WebPage\",\"@id\":\"https:\/\/perekmossflower.com.tr\/en\/urun\/yalova-kafe-yapay-bitkilendirme-linki\/\",\"url\":\"https:\/\/perekmossflower.com.tr\/en\/urun\/yalova-kafe-yapay-bitkilendirme-linki\/\",\"name\":\"toptan link - Perek Moss &amp; Flower\",\"isPartOf\":{\"@id\":\"https:\/\/perekmossflower.com.tr\/en\/#website\"},\"primaryImageOfPage\":{\"@id\":\"https:\/\/perekmossflower.com.tr\/en\/urun\/yalova-kafe-yapay-bitkilendirme-linki\/#primaryimage\"},\"image\":{\"@id\":\"https:\/\/perekmossflower.com.tr\/en\/urun\/yalova-kafe-yapay-bitkilendirme-linki\/#primaryimage\"},\"thumbnailUrl\":\"https:\/\/perekmossflower.com.tr\/wp-content\/uploads\/2024\/10\/perekmossflower-demo-resim-1.jpg\",\"datePublished\":\"2025-03-06T06:31:51+00:00\",\"dateModified\":\"2025-09-18T09:05:26+00:00\",\"breadcrumb\":{\"@id\":\"https:\/\/perekmossflower.com.tr\/en\/urun\/yalova-kafe-yapay-bitkilendirme-linki\/#breadcrumb\"},\"inLanguage\":\"en-US\",\"potentialAction\":[{\"@type\":\"ReadAction\",\"target\":[\"https:\/\/perekmossflower.com.tr\/en\/urun\/yalova-kafe-yapay-bitkilendirme-linki\/\"]}]},{\"@type\":\"ImageObject\",\"inLanguage\":\"en-US\",\"@id\":\"https:\/\/perekmossflower.com.tr\/en\/urun\/yalova-kafe-yapay-bitkilendirme-linki\/#primaryimage\",\"url\":\"https:\/\/perekmossflower.com.tr\/wp-content\/uploads\/2024\/10\/perekmossflower-demo-resim-1.jpg\",\"contentUrl\":\"https:\/\/perekmossflower.com.tr\/wp-content\/uploads\/2024\/10\/perekmossflower-demo-resim-1.jpg\",\"width\":1200,\"height\":1800},{\"@type\":\"BreadcrumbList\",\"@id\":\"https:\/\/perekmossflower.com.tr\/en\/urun\/yalova-kafe-yapay-bitkilendirme-linki\/#breadcrumb\",\"itemListElement\":[{\"@type\":\"ListItem\",\"position\":1,\"name\":\"Anasayfa\",\"item\":\"https:\/\/perekmossflower.com.tr\/\"},{\"@type\":\"ListItem\",\"position\":2,\"name\":\"\u00dcr\u00fcnler\",\"item\":\"https:\/\/perekmossflower.com.tr\/shop\/\"},{\"@type\":\"ListItem\",\"position\":3,\"name\":\"toptan link\"}]},{\"@type\":\"WebSite\",\"@id\":\"https:\/\/perekmossflower.com.tr\/en\/#website\",\"url\":\"https:\/\/perekmossflower.com.tr\/en\/\",\"name\":\"Perek Moss &amp; Flower\",\"description\":\"Toptan Kurutulmu\u015f Ve \u015eoklanm\u0131\u015f \u00c7i\u00e7ek \u00dcreticisi\",\"publisher\":{\"@id\":\"https:\/\/perekmossflower.com.tr\/en\/#organization\"},\"potentialAction\":[{\"@type\":\"SearchAction\",\"target\":{\"@type\":\"EntryPoint\",\"urlTemplate\":\"https:\/\/perekmossflower.com.tr\/en\/?s={search_term_string}\"},\"query-input\":{\"@type\":\"PropertyValueSpecification\",\"valueRequired\":true,\"valueName\":\"search_term_string\"}}],\"inLanguage\":\"en-US\"},{\"@type\":\"Organization\",\"@id\":\"https:\/\/perekmossflower.com.tr\/en\/#organization\",\"name\":\"Perek Moss &amp; Flower\",\"url\":\"https:\/\/perekmossflower.com.tr\/en\/\",\"logo\":{\"@type\":\"ImageObject\",\"inLanguage\":\"en-US\",\"@id\":\"https:\/\/perekmossflower.com.tr\/en\/#\/schema\/logo\/image\/\",\"url\":\"https:\/\/perekmossflower.com.tr\/wp-content\/uploads\/2020\/08\/perekmossflower-logo-150.png\",\"contentUrl\":\"https:\/\/perekmossflower.com.tr\/wp-content\/uploads\/2020\/08\/perekmossflower-logo-150.png\",\"width\":523,\"height\":250,\"caption\":\"Perek Moss &amp; Flower\"},\"image\":{\"@id\":\"https:\/\/perekmossflower.com.tr\/en\/#\/schema\/logo\/image\/\"}}]}<\/script>\n<!-- \/ Yoast SEO plugin. -->","yoast_head_json":{"title":"toptan link - Perek Moss &amp; Flower","robots":{"index":"index","follow":"follow","max-snippet":"max-snippet:-1","max-image-preview":"max-image-preview:large","max-video-preview":"max-video-preview:-1"},"canonical":"https:\/\/perekmossflower.com.tr\/en\/urun\/yalova-kafe-yapay-bitkilendirme-linki\/","og_locale":"en_US","og_type":"article","og_title":"toptan link - Perek Moss &amp; Flower","og_url":"https:\/\/perekmossflower.com.tr\/en\/urun\/yalova-kafe-yapay-bitkilendirme-linki\/","og_site_name":"Perek Moss &amp; Flower","article_modified_time":"2025-09-18T09:05:26+00:00","og_image":[{"width":1200,"height":1800,"url":"https:\/\/perekmossflower.com.tr\/wp-content\/uploads\/2024\/10\/perekmossflower-demo-resim-1.jpg","type":"image\/jpeg"}],"twitter_card":"summary_large_image","twitter_misc":{"Est. reading time":"1 minute"},"schema":{"@context":"https:\/\/schema.org","@graph":[{"@type":"WebPage","@id":"https:\/\/perekmossflower.com.tr\/en\/urun\/yalova-kafe-yapay-bitkilendirme-linki\/","url":"https:\/\/perekmossflower.com.tr\/en\/urun\/yalova-kafe-yapay-bitkilendirme-linki\/","name":"toptan link - Perek Moss &amp; Flower","isPartOf":{"@id":"https:\/\/perekmossflower.com.tr\/en\/#website"},"primaryImageOfPage":{"@id":"https:\/\/perekmossflower.com.tr\/en\/urun\/yalova-kafe-yapay-bitkilendirme-linki\/#primaryimage"},"image":{"@id":"https:\/\/perekmossflower.com.tr\/en\/urun\/yalova-kafe-yapay-bitkilendirme-linki\/#primaryimage"},"thumbnailUrl":"https:\/\/perekmossflower.com.tr\/wp-content\/uploads\/2024\/10\/perekmossflower-demo-resim-1.jpg","datePublished":"2025-03-06T06:31:51+00:00","dateModified":"2025-09-18T09:05:26+00:00","breadcrumb":{"@id":"https:\/\/perekmossflower.com.tr\/en\/urun\/yalova-kafe-yapay-bitkilendirme-linki\/#breadcrumb"},"inLanguage":"en-US","potentialAction":[{"@type":"ReadAction","target":["https:\/\/perekmossflower.com.tr\/en\/urun\/yalova-kafe-yapay-bitkilendirme-linki\/"]}]},{"@type":"ImageObject","inLanguage":"en-US","@id":"https:\/\/perekmossflower.com.tr\/en\/urun\/yalova-kafe-yapay-bitkilendirme-linki\/#primaryimage","url":"https:\/\/perekmossflower.com.tr\/wp-content\/uploads\/2024\/10\/perekmossflower-demo-resim-1.jpg","contentUrl":"https:\/\/perekmossflower.com.tr\/wp-content\/uploads\/2024\/10\/perekmossflower-demo-resim-1.jpg","width":1200,"height":1800},{"@type":"BreadcrumbList","@id":"https:\/\/perekmossflower.com.tr\/en\/urun\/yalova-kafe-yapay-bitkilendirme-linki\/#breadcrumb","itemListElement":[{"@type":"ListItem","position":1,"name":"Anasayfa","item":"https:\/\/perekmossflower.com.tr\/"},{"@type":"ListItem","position":2,"name":"\u00dcr\u00fcnler","item":"https:\/\/perekmossflower.com.tr\/shop\/"},{"@type":"ListItem","position":3,"name":"toptan link"}]},{"@type":"WebSite","@id":"https:\/\/perekmossflower.com.tr\/en\/#website","url":"https:\/\/perekmossflower.com.tr\/en\/","name":"Perek Moss &amp; Flower","description":"Toptan Kurutulmu\u015f Ve \u015eoklanm\u0131\u015f \u00c7i\u00e7ek \u00dcreticisi","publisher":{"@id":"https:\/\/perekmossflower.com.tr\/en\/#organization"},"potentialAction":[{"@type":"SearchAction","target":{"@type":"EntryPoint","urlTemplate":"https:\/\/perekmossflower.com.tr\/en\/?s={search_term_string}"},"query-input":{"@type":"PropertyValueSpecification","valueRequired":true,"valueName":"search_term_string"}}],"inLanguage":"en-US"},{"@type":"Organization","@id":"https:\/\/perekmossflower.com.tr\/en\/#organization","name":"Perek Moss &amp; Flower","url":"https:\/\/perekmossflower.com.tr\/en\/","logo":{"@type":"ImageObject","inLanguage":"en-US","@id":"https:\/\/perekmossflower.com.tr\/en\/#\/schema\/logo\/image\/","url":"https:\/\/perekmossflower.com.tr\/wp-content\/uploads\/2020\/08\/perekmossflower-logo-150.png","contentUrl":"https:\/\/perekmossflower.com.tr\/wp-content\/uploads\/2020\/08\/perekmossflower-logo-150.png","width":523,"height":250,"caption":"Perek Moss &amp; Flower"},"image":{"@id":"https:\/\/perekmossflower.com.tr\/en\/#\/schema\/logo\/image\/"}}]}},"_links":{"self":[{"href":"https:\/\/perekmossflower.com.tr\/en\/wp-json\/wp\/v2\/product\/38049"}],"collection":[{"href":"https:\/\/perekmossflower.com.tr\/en\/wp-json\/wp\/v2\/product"}],"about":[{"href":"https:\/\/perekmossflower.com.tr\/en\/wp-json\/wp\/v2\/types\/product"}],"replies":[{"embeddable":true,"href":"https:\/\/perekmossflower.com.tr\/en\/wp-json\/wp\/v2\/comments?post=38049"}],"wp:featuredmedia":[{"embeddable":true,"href":"https:\/\/perekmossflower.com.tr\/en\/wp-json\/wp\/v2\/media\/37659"}],"wp:attachment":[{"href":"https:\/\/perekmossflower.com.tr\/en\/wp-json\/wp\/v2\/media?parent=38049"}],"wp:term":[{"taxonomy":"product_cat","embeddable":true,"href":"https:\/\/perekmossflower.com.tr\/en\/wp-json\/wp\/v2\/product_cat?post=38049"},{"taxonomy":"product_tag","embeddable":true,"href":"https:\/\/perekmossflower.com.tr\/en\/wp-json\/wp\/v2\/product_tag?post=38049"}],"curies":[{"name":"wp","href":"https:\/\/api.w.org\/{rel}","templated":true}]}}